
{"id":3504,"date":"2021-04-16T11:09:10","date_gmt":"2021-04-16T09:09:10","guid":{"rendered":"https:\/\/bll.dominocom.lu\/?page_id=3504"},"modified":"2023-11-15T19:01:11","modified_gmt":"2023-11-15T18:01:11","slug":"podcasts","status":"publish","type":"page","link":"https:\/\/www.kaufholdreveillaud.lu\/fr\/publications\/podcasts\/","title":{"rendered":"Podcasts"},"content":{"rendered":"\t\t<div data-elementor-type=\"wp-page\" data-elementor-id=\"3504\" class=\"elementor elementor-3504\" data-elementor-post-type=\"page\">\n\t\t\t\t<div class=\"elementor-element elementor-element-64fe102 e-flex e-con-boxed e-con e-parent\" data-id=\"64fe102\" data-element_type=\"container\" data-settings=\"{&quot;background_background&quot;:&quot;classic&quot;,&quot;jet_parallax_layout_list&quot;:[]}\">\n\t\t\t\t\t<div class=\"e-con-inner\">\n\t\t<div class=\"elementor-element elementor-element-78ad27b e-flex e-con-boxed e-con e-child\" data-id=\"78ad27b\" data-element_type=\"container\" data-settings=\"{&quot;background_background&quot;:&quot;classic&quot;,&quot;jet_parallax_layout_list&quot;:[]}\">\n\t\t\t\t\t<div class=\"e-con-inner\">\n\t\t\t\t<div class=\"elementor-element elementor-element-0eb6d42 pp-dual-heading-inline elementor-widget elementor-widget-pp-dual-heading\" data-id=\"0eb6d42\" data-element_type=\"widget\" data-widget_type=\"pp-dual-heading.default\">\n\t\t\t\t<div class=\"elementor-widget-container\">\n\t\t\t<h1 class=\"pp-dual-heading\"><span class=\"pp-first-text\">Podcasts<\/span><\/h1>\t\t<\/div>\n\t\t\t\t<\/div>\n\t\t\t\t\t<\/div>\n\t\t\t\t<\/div>\n\t\t\t\t\t<\/div>\n\t\t\t\t<\/div>\n\t\t<div class=\"elementor-element elementor-element-8201874 e-flex e-con-boxed e-con e-parent\" data-id=\"8201874\" data-element_type=\"container\" data-settings=\"{&quot;background_background&quot;:&quot;classic&quot;,&quot;jet_parallax_layout_list&quot;:[{&quot;jet_parallax_layout_image&quot;:{&quot;url&quot;:&quot;&quot;,&quot;id&quot;:&quot;&quot;,&quot;size&quot;:&quot;&quot;},&quot;_id&quot;:&quot;edbe302&quot;,&quot;jet_parallax_layout_image_tablet&quot;:{&quot;url&quot;:&quot;&quot;,&quot;id&quot;:&quot;&quot;,&quot;size&quot;:&quot;&quot;},&quot;jet_parallax_layout_image_mobile&quot;:{&quot;url&quot;:&quot;&quot;,&quot;id&quot;:&quot;&quot;,&quot;size&quot;:&quot;&quot;},&quot;jet_parallax_layout_speed&quot;:{&quot;unit&quot;:&quot;%&quot;,&quot;size&quot;:50,&quot;sizes&quot;:[]},&quot;jet_parallax_layout_type&quot;:&quot;scroll&quot;,&quot;jet_parallax_layout_direction&quot;:&quot;1&quot;,&quot;jet_parallax_layout_fx_direction&quot;:null,&quot;jet_parallax_layout_z_index&quot;:&quot;&quot;,&quot;jet_parallax_layout_bg_x&quot;:50,&quot;jet_parallax_layout_bg_x_tablet&quot;:&quot;&quot;,&quot;jet_parallax_layout_bg_x_mobile&quot;:&quot;&quot;,&quot;jet_parallax_layout_bg_y&quot;:50,&quot;jet_parallax_layout_bg_y_tablet&quot;:&quot;&quot;,&quot;jet_parallax_layout_bg_y_mobile&quot;:&quot;&quot;,&quot;jet_parallax_layout_bg_size&quot;:&quot;auto&quot;,&quot;jet_parallax_layout_bg_size_tablet&quot;:&quot;&quot;,&quot;jet_parallax_layout_bg_size_mobile&quot;:&quot;&quot;,&quot;jet_parallax_layout_animation_prop&quot;:&quot;transform&quot;,&quot;jet_parallax_layout_on&quot;:[&quot;desktop&quot;,&quot;tablet&quot;]}]}\">\n\t\t\t\t\t<div class=\"e-con-inner\">\n\t\t<div class=\"elementor-element elementor-element-f3ade80 e-flex e-con-boxed e-con e-child\" data-id=\"f3ade80\" data-element_type=\"container\" data-settings=\"{&quot;jet_parallax_layout_list&quot;:[]}\">\n\t\t\t\t\t<div class=\"e-con-inner\">\n\t\t<div class=\"elementor-element elementor-element-52dfcd7 e-con-full e-flex e-con e-child\" data-id=\"52dfcd7\" data-element_type=\"container\" data-settings=\"{&quot;jet_parallax_layout_list&quot;:[],&quot;background_background&quot;:&quot;classic&quot;}\">\n\t\t\t\t<div class=\"elementor-element elementor-element-df4bf39 elementor-widget elementor-widget-heading\" data-id=\"df4bf39\" data-element_type=\"widget\" data-widget_type=\"heading.default\">\n\t\t\t\t<div class=\"elementor-widget-container\">\n\t\t\t<h2 class=\"elementor-heading-title elementor-size-default\">Chronique<\/h2>\t\t<\/div>\n\t\t\t\t<\/div>\n\t\t\t\t<div class=\"elementor-element elementor-element-1973593 elementor-widget elementor-widget-heading\" data-id=\"1973593\" data-element_type=\"widget\" data-widget_type=\"heading.default\">\n\t\t\t\t<div class=\"elementor-widget-container\">\n\t\t\t<h3 class=\"elementor-heading-title elementor-size-default\">Compliance et s\u00e9curit\u00e9<\/h3>\t\t<\/div>\n\t\t\t\t<\/div>\n\t\t\t\t<div class=\"elementor-element elementor-element-5a357e6 elementor-widget elementor-widget-text-editor\" data-id=\"5a357e6\" data-element_type=\"widget\" data-widget_type=\"text-editor.default\">\n\t\t\t\t<div class=\"elementor-widget-container\">\n\t\t\t\t\t\t\t<p>Kaufhold &amp; Reveillaud Avocats, un podcast sur les questions que vous vous posez en mati\u00e8re de conformit\u00e9.<\/p><p>Un contenu efficace et p\u00e9dagogique pour r\u00e9fl\u00e9chir ensemble sur des probl\u00e9matiques comme le KYC, la fraude documentaire, la cybercriminalit\u00e9, le KYE, l\u2019intelligence artificielle ou encore la corruption.<\/p><p>Parce qu\u2019il faut savoir innover et cr\u00e9er un contenu qui vous permette de vous informer sans \u00eatre chronophage, Kaufhold &amp; Reveillaud Avocats prend les devants pour vous.<\/p>\t\t\t\t\t\t<\/div>\n\t\t\t\t<\/div>\n\t\t\t\t<div class=\"elementor-element elementor-element-6275c08 elementor-widget elementor-widget-text-editor\" data-id=\"6275c08\" data-element_type=\"widget\" data-widget_type=\"text-editor.default\">\n\t\t\t\t<div class=\"elementor-widget-container\">\n\t\t\t\t\t\t\t<p>S&#8217;abonner :<\/p>\t\t\t\t\t\t<\/div>\n\t\t\t\t<\/div>\n\t\t\t\t<div class=\"elementor-element elementor-element-46492cd elementor-shape-circle elementor-grid-0 e-grid-align-center elementor-widget elementor-widget-social-icons\" data-id=\"46492cd\" data-element_type=\"widget\" data-widget_type=\"social-icons.default\">\n\t\t\t\t<div class=\"elementor-widget-container\">\n\t\t\t\t\t<div class=\"elementor-social-icons-wrapper elementor-grid\">\n\t\t\t\t\t\t\t<span class=\"elementor-grid-item\">\n\t\t\t\t\t<a class=\"elementor-icon elementor-social-icon elementor-social-icon-spotify elementor-repeater-item-1595cb2\" href=\"https:\/\/open.spotify.com\/show\/4ukVuIcFZtMRpMhrfd53hO\" target=\"_blank\">\n\t\t\t\t\t\t<span class=\"elementor-screen-only\">Spotify<\/span>\n\t\t\t\t\t\t<i class=\"fab fa-spotify\"><\/i>\t\t\t\t\t<\/a>\n\t\t\t\t<\/span>\n\t\t\t\t\t\t\t<span class=\"elementor-grid-item\">\n\t\t\t\t\t<a class=\"elementor-icon elementor-social-icon elementor-social-icon-youtube elementor-repeater-item-b4a6e46\" href=\"https:\/\/www.youtube.com\/channel\/UCJsYNZ0ONlhzHCFEnE38_1A\/about\" target=\"_blank\">\n\t\t\t\t\t\t<span class=\"elementor-screen-only\">Youtube<\/span>\n\t\t\t\t\t\t<i class=\"fab fa-youtube\"><\/i>\t\t\t\t\t<\/a>\n\t\t\t\t<\/span>\n\t\t\t\t\t\t\t<span class=\"elementor-grid-item\">\n\t\t\t\t\t<a class=\"elementor-icon elementor-social-icon elementor-social-icon- elementor-repeater-item-da6094c\" href=\"https:\/\/www.deezer.com\/show\/1070402\" target=\"_blank\">\n\t\t\t\t\t\t<span class=\"elementor-screen-only\"><\/span>\n\t\t\t\t\t\t<svg xmlns=\"http:\/\/www.w3.org\/2000\/svg\" xmlns:xlink=\"http:\/\/www.w3.org\/1999\/xlink\" id=\"Capa_1\" x=\"0px\" y=\"0px\" width=\"97.848px\" height=\"97.848px\" viewBox=\"0 0 97.848 97.848\" style=\"enable-background:new 0 0 97.848 97.848;\" xml:space=\"preserve\"><g>\t<g>\t\t<rect y=\"70.818\" width=\"17.838\" height=\"5.406\"><\/rect>\t\t<rect y=\"63.791\" width=\"17.838\" height=\"5.408\"><\/rect>\t\t<rect y=\"56.764\" width=\"17.838\" height=\"5.408\"><\/rect>\t\t<rect y=\"49.736\" width=\"17.838\" height=\"5.405\"><\/rect>\t\t<rect y=\"42.709\" width=\"17.838\" height=\"5.404\"><\/rect>\t\t<rect x=\"20.001\" y=\"70.818\" width=\"17.84\" height=\"5.406\"><\/rect>\t\t<rect x=\"20.001\" y=\"63.791\" width=\"17.84\" height=\"5.408\"><\/rect>\t\t<rect x=\"20.001\" y=\"56.764\" width=\"17.84\" height=\"5.408\"><\/rect>\t\t<rect x=\"40.004\" y=\"70.818\" width=\"17.84\" height=\"5.406\"><\/rect>\t\t<rect x=\"40.004\" y=\"63.791\" width=\"17.84\" height=\"5.408\"><\/rect>\t\t<rect x=\"40.004\" y=\"56.764\" width=\"17.84\" height=\"5.408\"><\/rect>\t\t<rect x=\"40.004\" y=\"49.736\" width=\"17.84\" height=\"5.405\"><\/rect>\t\t<rect x=\"40.004\" y=\"42.709\" width=\"17.84\" height=\"5.404\"><\/rect>\t\t<rect x=\"40.004\" y=\"35.68\" width=\"17.84\" height=\"5.406\"><\/rect>\t\t<rect x=\"40.004\" y=\"28.653\" width=\"17.84\" height=\"5.407\"><\/rect>\t\t<rect x=\"60.005\" y=\"70.818\" width=\"17.841\" height=\"5.406\"><\/rect>\t\t<rect x=\"60.005\" y=\"63.791\" width=\"17.841\" height=\"5.408\"><\/rect>\t\t<rect x=\"60.005\" y=\"56.764\" width=\"17.841\" height=\"5.408\"><\/rect>\t\t<rect x=\"60.005\" y=\"49.736\" width=\"17.841\" height=\"5.405\"><\/rect>\t\t<rect x=\"60.005\" y=\"42.709\" width=\"17.841\" height=\"5.404\"><\/rect>\t\t<rect x=\"80.008\" y=\"70.818\" width=\"17.84\" height=\"5.406\"><\/rect>\t\t<rect x=\"80.008\" y=\"63.791\" width=\"17.84\" height=\"5.408\"><\/rect>\t\t<rect x=\"80.008\" y=\"56.762\" width=\"17.84\" height=\"5.406\"><\/rect>\t\t<rect x=\"80.008\" y=\"49.736\" width=\"17.84\" height=\"5.406\"><\/rect>\t\t<rect x=\"80.008\" y=\"42.707\" width=\"17.84\" height=\"5.407\"><\/rect>\t\t<rect x=\"80.008\" y=\"35.681\" width=\"17.84\" height=\"5.404\"><\/rect>\t\t<rect x=\"80.008\" y=\"28.652\" width=\"17.84\" height=\"5.404\"><\/rect>\t\t<rect x=\"80.008\" y=\"21.623\" width=\"17.84\" height=\"5.406\"><\/rect>\t<\/g><\/g><g><\/g><g><\/g><g><\/g><g><\/g><g><\/g><g><\/g><g><\/g><g><\/g><g><\/g><g><\/g><g><\/g><g><\/g><g><\/g><g><\/g><g><\/g><\/svg>\t\t\t\t\t<\/a>\n\t\t\t\t<\/span>\n\t\t\t\t\t\t\t<span class=\"elementor-grid-item\">\n\t\t\t\t\t<a class=\"elementor-icon elementor-social-icon elementor-social-icon-apple elementor-repeater-item-967b19d\" target=\"_blank\">\n\t\t\t\t\t\t<span class=\"elementor-screen-only\">Apple<\/span>\n\t\t\t\t\t\t<i class=\"fab fa-apple\"><\/i>\t\t\t\t\t<\/a>\n\t\t\t\t<\/span>\n\t\t\t\t\t\t\t<span class=\"elementor-grid-item\">\n\t\t\t\t\t<a class=\"elementor-icon elementor-social-icon elementor-social-icon-rss elementor-repeater-item-731e24d\" href=\"https:\/\/www.kaufholdreveillaud.dominocom.lu\/feed\/podcast\/\" target=\"_blank\">\n\t\t\t\t\t\t<span class=\"elementor-screen-only\">Rss<\/span>\n\t\t\t\t\t\t<i class=\"fas fa-rss\"><\/i>\t\t\t\t\t<\/a>\n\t\t\t\t<\/span>\n\t\t\t\t\t<\/div>\n\t\t\t\t<\/div>\n\t\t\t\t<\/div>\n\t\t\t\t<\/div>\n\t\t<div class=\"elementor-element elementor-element-1beb0d9 e-con-full e-flex e-con e-child\" data-id=\"1beb0d9\" data-element_type=\"container\" data-settings=\"{&quot;jet_parallax_layout_list&quot;:[],&quot;background_background&quot;:&quot;classic&quot;}\">\n\t\t\t\t<div class=\"elementor-element elementor-element-26b6955 elementor-widget elementor-widget-heading\" data-id=\"26b6955\" data-element_type=\"widget\" data-widget_type=\"heading.default\">\n\t\t\t\t<div class=\"elementor-widget-container\">\n\t\t\t<h2 class=\"elementor-heading-title elementor-size-default\">\u00c9pisodes<\/h2>\t\t<\/div>\n\t\t\t\t<\/div>\n\t\t\t\t<div class=\"elementor-element elementor-element-633174c uael-equal__height-yes uael-post__link-complete-yes liste-posts elementor-widget elementor-widget-uael-posts\" data-id=\"633174c\" data-element_type=\"widget\" data-settings=\"{&quot;classic_slides_to_show&quot;:1,&quot;classic_slides_to_show_tablet&quot;:1,&quot;classic_slides_to_show_mobile&quot;:1}\" data-widget_type=\"uael-posts.classic\">\n\t\t\t\t<div class=\"elementor-widget-container\">\n\t\t\t\t\t<div class=\"uael-post__header\">\n\t\t\t\t\t<\/div>\n\t\t<div class=\"uael-post__body\">\n\t\t\t\n\t\t\n\t\t<div class=\"uael-blog-terms-position- uael-post-image-none uael-post-grid uael-posts\" data-query-type=\"custom\" data-structure=\"normal\" data-layout=\"\" data-page=\"3504\" data-skin=\"classic\" data-filter-default=\"\" data-offset-top=\"30\" >\n\n\t\t\t\t\t\t\t<div class=\"uael-post-grid__inner uael-post__columns-1 uael-post__columns-tablet-1 uael-post__columns-mobile-1\">\n\t\t\t\n<div class=\"uael-post-wrapper   \">\n\t<div class=\"uael-post__bg-wrap uael-bg-wrap-disabled \">\n\n\t\t\t\t\t<a href=\"https:\/\/www.kaufholdreveillaud.lu\/fr\/podcast\/episode-2-le-financement-du-terrorisme\/\" target=\"_self\" class=\"uael-post__complete-box-overlay\" aria-label=\"Link Complete Box\"><\/a>\n\t\t\t\t\n\t\t<div class=\"uael-post__inner-wrap uael-inner-wrap-disabled\">\n\n\t\t\n\t\t\t\n\t\t\t<div class=\"uael-post__content-wrap uael-content-wrap-disabled\">\n\t\t\t\t\t<h4 class=\"uael-post__title\">\n\n\t\t\n\t\t\t\t\t\t<a href=\"https:\/\/www.kaufholdreveillaud.lu\/fr\/podcast\/episode-2-le-financement-du-terrorisme\/\" target=\"_self\">\n\t\t\t\tEpisode 2 : le financement du terrorisme\t\t\t<\/a>\n\n\t\t\t\t<\/h4>\n\t\t\t\t\t<a class=\"uael-post__read-more elementor-button\" href=\"https:\/\/www.kaufholdreveillaud.lu\/fr\/podcast\/episode-2-le-financement-du-terrorisme\/\" target=\"_self\" aria-labelledby=\"uael-post-1210\">\n\t\t\t\t\t<span class=\"elementor-button-content-wrapper\">\n\t\t\t\t\t\t\t\t\t\t\t\t\t\t<span class=\"elementor-button-icon elementor-align-icon-left\">\n\n\t\t\t\t\t\t\t\t\t<i aria-hidden=\"true\" class=\"fas fa-headphones\"><\/i>\n\t\t\t\t\t\t\t\t<\/span>\n\t\t\t\t\t\t\t\t\t\t\t\t\t\n\t\t\t\t\t\t<span class=\"elementor-button-text\" id=uael-post-1210>\u00c9couter l'\u00e9pisode<\/span>\n\t\t\t\t\t<\/span>\n\t\t\t\t<\/a>\n\t\t\t\t\t\t<\/div>\n\t\t\t\n\t\t<\/div>\n\t\t\n\t<\/div>\n\n<\/div>\n\n<div class=\"uael-post-wrapper   \">\n\t<div class=\"uael-post__bg-wrap uael-bg-wrap-disabled \">\n\n\t\t\t\t\t<a href=\"https:\/\/www.kaufholdreveillaud.lu\/fr\/podcast\/episode-1-le-kyc\/\" target=\"_self\" class=\"uael-post__complete-box-overlay\" aria-label=\"Link Complete Box\"><\/a>\n\t\t\t\t\n\t\t<div class=\"uael-post__inner-wrap uael-inner-wrap-disabled\">\n\n\t\t\n\t\t\t\n\t\t\t<div class=\"uael-post__content-wrap uael-content-wrap-disabled\">\n\t\t\t\t\t<h4 class=\"uael-post__title\">\n\n\t\t\n\t\t\t\t\t\t<a href=\"https:\/\/www.kaufholdreveillaud.lu\/fr\/podcast\/episode-1-le-kyc\/\" target=\"_self\">\n\t\t\t\tEpisode 1 : Le KYC\t\t\t<\/a>\n\n\t\t\t\t<\/h4>\n\t\t\t\t\t<a class=\"uael-post__read-more elementor-button\" href=\"https:\/\/www.kaufholdreveillaud.lu\/fr\/podcast\/episode-1-le-kyc\/\" target=\"_self\" aria-labelledby=\"uael-post-1072\">\n\t\t\t\t\t<span class=\"elementor-button-content-wrapper\">\n\t\t\t\t\t\t\t\t\t\t\t\t\t\t<span class=\"elementor-button-icon elementor-align-icon-left\">\n\n\t\t\t\t\t\t\t\t\t<i aria-hidden=\"true\" class=\"fas fa-headphones\"><\/i>\n\t\t\t\t\t\t\t\t<\/span>\n\t\t\t\t\t\t\t\t\t\t\t\t\t\n\t\t\t\t\t\t<span class=\"elementor-button-text\" id=uael-post-1072>\u00c9couter l'\u00e9pisode<\/span>\n\t\t\t\t\t<\/span>\n\t\t\t\t<\/a>\n\t\t\t\t\t\t<\/div>\n\t\t\t\n\t\t<\/div>\n\t\t\n\t<\/div>\n\n<\/div>\n\t\t\t\t<\/div>\n\t\t\t\t\t\t\n\t\t<\/div>\n\n\t\t\t\t\t\t<\/div>\n\t\t<div class=\"uael-post__footer\">\n\t\t\t\t\t<\/div>\n\t\t\t\t<\/div>\n\t\t\t\t<\/div>\n\t\t\t\t<\/div>\n\t\t\t\t\t<\/div>\n\t\t\t\t<\/div>\n\t\t\t\t\t<\/div>\n\t\t\t\t<\/div>\n\t\t\t\t<\/div>\n\t\t","protected":false},"excerpt":{"rendered":"<p>Chronique Compliance et s\u00e9curit\u00e9 Kaufhold &amp; Reveillaud Avocats, un podcast sur les questions que vous vous posez en mati\u00e8re de conformit\u00e9. Un contenu efficace et p\u00e9dagogique pour r\u00e9fl\u00e9chir ensemble sur des probl\u00e9matiques comme le KYC, la fraude documentaire, la cybercriminalit\u00e9, le KYE, l\u2019intelligence artificielle ou encore la corruption. Parce qu\u2019il faut savoir innover et cr\u00e9er &hellip; <\/p>\n<p class=\"link-more\"><a href=\"https:\/\/www.kaufholdreveillaud.lu\/fr\/podcast\/episode-1-le-kyc\/\" class=\"more-link\">Continuer la lecture <span class=\"screen-reader-text\"> \u00ab\u00a0Episode 1 : Le KYC\u00a0\u00bb<\/span><\/a><\/p>\n","protected":false},"author":1,"featured_media":0,"parent":385,"menu_order":34,"comment_status":"closed","ping_status":"closed","template":"elementor_header_footer","meta":{"_acf_changed":false,"footnotes":""},"class_list":["post-3504","page","type-page","status-publish","hentry","entry"],"acf":[],"yoast_head":"<!-- This site is optimized with the Yoast SEO plugin v26.7 - https:\/\/yoast.com\/wordpress\/plugins\/seo\/ -->\n<title>Podcast Compliance - Kaufhold et Reveillaud Avocats<\/title>\n<meta name=\"robots\" content=\"index, follow, max-snippet:-1, max-image-preview:large, max-video-preview:-1\" \/>\n<link rel=\"canonical\" href=\"https:\/\/www.kaufholdreveillaud.lu\/fr\/publications\/podcasts\/\" \/>\n<meta property=\"og:locale\" content=\"fr_FR\" \/>\n<meta property=\"og:type\" content=\"article\" \/>\n<meta property=\"og:title\" content=\"Podcast Compliance - Kaufhold et Reveillaud Avocats\" \/>\n<meta property=\"og:description\" content=\"Chronique Compliance et s\u00e9curit\u00e9 Kaufhold &amp; Reveillaud Avocats, un podcast sur les questions que vous vous posez en mati\u00e8re de conformit\u00e9. Un contenu efficace et p\u00e9dagogique pour r\u00e9fl\u00e9chir ensemble sur des probl\u00e9matiques comme le KYC, la fraude documentaire, la cybercriminalit\u00e9, le KYE, l\u2019intelligence artificielle ou encore la corruption. Parce qu\u2019il faut savoir innover et cr\u00e9er &hellip; Continuer la lecture \u00ab\u00a0Episode 1 : Le KYC\u00a0\u00bb\" \/>\n<meta property=\"og:url\" content=\"https:\/\/www.kaufholdreveillaud.lu\/fr\/publications\/podcasts\/\" \/>\n<meta property=\"og:site_name\" content=\"Kaufhold et Reveillaud Avocats\" \/>\n<meta property=\"article:modified_time\" content=\"2023-11-15T18:01:11+00:00\" \/>\n<meta name=\"twitter:card\" content=\"summary_large_image\" \/>\n<meta name=\"twitter:label1\" content=\"Dur\u00e9e de lecture estim\u00e9e\" \/>\n\t<meta name=\"twitter:data1\" content=\"1 minute\" \/>\n<script type=\"application\/ld+json\" class=\"yoast-schema-graph\">{\"@context\":\"https:\/\/schema.org\",\"@graph\":[{\"@type\":\"WebPage\",\"@id\":\"https:\/\/www.kaufholdreveillaud.lu\/fr\/publications\/podcasts\/\",\"url\":\"https:\/\/www.kaufholdreveillaud.lu\/fr\/publications\/podcasts\/\",\"name\":\"Podcast Compliance - Kaufhold et Reveillaud Avocats\",\"isPartOf\":{\"@id\":\"https:\/\/www.kaufholdreveillaud.lu\/fr\/#website\"},\"datePublished\":\"2021-04-16T09:09:10+00:00\",\"dateModified\":\"2023-11-15T18:01:11+00:00\",\"breadcrumb\":{\"@id\":\"https:\/\/www.kaufholdreveillaud.lu\/fr\/publications\/podcasts\/#breadcrumb\"},\"inLanguage\":\"fr-FR\",\"potentialAction\":[{\"@type\":\"ReadAction\",\"target\":[\"https:\/\/www.kaufholdreveillaud.lu\/fr\/publications\/podcasts\/\"]}]},{\"@type\":\"BreadcrumbList\",\"@id\":\"https:\/\/www.kaufholdreveillaud.lu\/fr\/publications\/podcasts\/#breadcrumb\",\"itemListElement\":[{\"@type\":\"ListItem\",\"position\":1,\"name\":\"Home\",\"item\":\"https:\/\/www.kaufholdreveillaud.lu\/fr\/\"},{\"@type\":\"ListItem\",\"position\":2,\"name\":\"Publications\",\"item\":\"https:\/\/www.kaufholdreveillaud.lu\/fr\/publications\/\"},{\"@type\":\"ListItem\",\"position\":3,\"name\":\"Podcasts\"}]},{\"@type\":\"WebSite\",\"@id\":\"https:\/\/www.kaufholdreveillaud.lu\/fr\/#website\",\"url\":\"https:\/\/www.kaufholdreveillaud.lu\/fr\/\",\"name\":\"Kaufhold et Reveillaud Avocats\",\"description\":\"Etude d&#039;avocats \u00e0 Luxembourg\",\"potentialAction\":[{\"@type\":\"SearchAction\",\"target\":{\"@type\":\"EntryPoint\",\"urlTemplate\":\"https:\/\/www.kaufholdreveillaud.lu\/fr\/?s={search_term_string}\"},\"query-input\":{\"@type\":\"PropertyValueSpecification\",\"valueRequired\":true,\"valueName\":\"search_term_string\"}}],\"inLanguage\":\"fr-FR\"}]}<\/script>\n<!-- \/ Yoast SEO plugin. -->","yoast_head_json":{"title":"Podcast Compliance - Kaufhold et Reveillaud Avocats","robots":{"index":"index","follow":"follow","max-snippet":"max-snippet:-1","max-image-preview":"max-image-preview:large","max-video-preview":"max-video-preview:-1"},"canonical":"https:\/\/www.kaufholdreveillaud.lu\/fr\/publications\/podcasts\/","og_locale":"fr_FR","og_type":"article","og_title":"Podcast Compliance - Kaufhold et Reveillaud Avocats","og_description":"Chronique Compliance et s\u00e9curit\u00e9 Kaufhold &amp; Reveillaud Avocats, un podcast sur les questions que vous vous posez en mati\u00e8re de conformit\u00e9. Un contenu efficace et p\u00e9dagogique pour r\u00e9fl\u00e9chir ensemble sur des probl\u00e9matiques comme le KYC, la fraude documentaire, la cybercriminalit\u00e9, le KYE, l\u2019intelligence artificielle ou encore la corruption. Parce qu\u2019il faut savoir innover et cr\u00e9er &hellip; Continuer la lecture \u00ab\u00a0Episode 1 : Le KYC\u00a0\u00bb","og_url":"https:\/\/www.kaufholdreveillaud.lu\/fr\/publications\/podcasts\/","og_site_name":"Kaufhold et Reveillaud Avocats","article_modified_time":"2023-11-15T18:01:11+00:00","twitter_card":"summary_large_image","twitter_misc":{"Dur\u00e9e de lecture estim\u00e9e":"1 minute"},"schema":{"@context":"https:\/\/schema.org","@graph":[{"@type":"WebPage","@id":"https:\/\/www.kaufholdreveillaud.lu\/fr\/publications\/podcasts\/","url":"https:\/\/www.kaufholdreveillaud.lu\/fr\/publications\/podcasts\/","name":"Podcast Compliance - Kaufhold et Reveillaud Avocats","isPartOf":{"@id":"https:\/\/www.kaufholdreveillaud.lu\/fr\/#website"},"datePublished":"2021-04-16T09:09:10+00:00","dateModified":"2023-11-15T18:01:11+00:00","breadcrumb":{"@id":"https:\/\/www.kaufholdreveillaud.lu\/fr\/publications\/podcasts\/#breadcrumb"},"inLanguage":"fr-FR","potentialAction":[{"@type":"ReadAction","target":["https:\/\/www.kaufholdreveillaud.lu\/fr\/publications\/podcasts\/"]}]},{"@type":"BreadcrumbList","@id":"https:\/\/www.kaufholdreveillaud.lu\/fr\/publications\/podcasts\/#breadcrumb","itemListElement":[{"@type":"ListItem","position":1,"name":"Home","item":"https:\/\/www.kaufholdreveillaud.lu\/fr\/"},{"@type":"ListItem","position":2,"name":"Publications","item":"https:\/\/www.kaufholdreveillaud.lu\/fr\/publications\/"},{"@type":"ListItem","position":3,"name":"Podcasts"}]},{"@type":"WebSite","@id":"https:\/\/www.kaufholdreveillaud.lu\/fr\/#website","url":"https:\/\/www.kaufholdreveillaud.lu\/fr\/","name":"Kaufhold et Reveillaud Avocats","description":"Etude d&#039;avocats \u00e0 Luxembourg","potentialAction":[{"@type":"SearchAction","target":{"@type":"EntryPoint","urlTemplate":"https:\/\/www.kaufholdreveillaud.lu\/fr\/?s={search_term_string}"},"query-input":{"@type":"PropertyValueSpecification","valueRequired":true,"valueName":"search_term_string"}}],"inLanguage":"fr-FR"}]}},"_links":{"self":[{"href":"https:\/\/www.kaufholdreveillaud.lu\/fr\/wp-json\/wp\/v2\/pages\/3504","targetHints":{"allow":["GET"]}}],"collection":[{"href":"https:\/\/www.kaufholdreveillaud.lu\/fr\/wp-json\/wp\/v2\/pages"}],"about":[{"href":"https:\/\/www.kaufholdreveillaud.lu\/fr\/wp-json\/wp\/v2\/types\/page"}],"author":[{"embeddable":true,"href":"https:\/\/www.kaufholdreveillaud.lu\/fr\/wp-json\/wp\/v2\/users\/1"}],"replies":[{"embeddable":true,"href":"https:\/\/www.kaufholdreveillaud.lu\/fr\/wp-json\/wp\/v2\/comments?post=3504"}],"version-history":[{"count":0,"href":"https:\/\/www.kaufholdreveillaud.lu\/fr\/wp-json\/wp\/v2\/pages\/3504\/revisions"}],"up":[{"embeddable":true,"href":"https:\/\/www.kaufholdreveillaud.lu\/fr\/wp-json\/wp\/v2\/pages\/385"}],"wp:attachment":[{"href":"https:\/\/www.kaufholdreveillaud.lu\/fr\/wp-json\/wp\/v2\/media?parent=3504"}],"curies":[{"name":"wp","href":"https:\/\/api.w.org\/{rel}","templated":true}]}}