
{"id":321,"date":"2020-01-10T10:07:59","date_gmt":"2020-01-10T10:07:59","guid":{"rendered":"https:\/\/www.bllconsulting.com\/?page_id=321"},"modified":"2023-11-15T21:05:30","modified_gmt":"2023-11-15T20:05:30","slug":"mentions-legales","status":"publish","type":"page","link":"https:\/\/www.kaufholdreveillaud.lu\/fr\/mentions-legales\/","title":{"rendered":"Mentions l\u00e9gales"},"content":{"rendered":"\t\t<div data-elementor-type=\"wp-page\" data-elementor-id=\"321\" class=\"elementor elementor-321\" data-elementor-post-type=\"page\">\n\t\t\t\t\t\t<section class=\"elementor-section elementor-top-section elementor-element elementor-element-89c530e elementor-section-boxed elementor-section-height-default elementor-section-height-default\" data-id=\"89c530e\" data-element_type=\"section\" data-settings=\"{&quot;jet_parallax_layout_list&quot;:[{&quot;jet_parallax_layout_image&quot;:{&quot;url&quot;:&quot;&quot;,&quot;id&quot;:&quot;&quot;,&quot;size&quot;:&quot;&quot;},&quot;_id&quot;:&quot;480eec0&quot;,&quot;jet_parallax_layout_image_tablet&quot;:{&quot;url&quot;:&quot;&quot;,&quot;id&quot;:&quot;&quot;,&quot;size&quot;:&quot;&quot;},&quot;jet_parallax_layout_image_mobile&quot;:{&quot;url&quot;:&quot;&quot;,&quot;id&quot;:&quot;&quot;,&quot;size&quot;:&quot;&quot;},&quot;jet_parallax_layout_speed&quot;:{&quot;unit&quot;:&quot;%&quot;,&quot;size&quot;:50,&quot;sizes&quot;:[]},&quot;jet_parallax_layout_type&quot;:&quot;scroll&quot;,&quot;jet_parallax_layout_direction&quot;:&quot;1&quot;,&quot;jet_parallax_layout_fx_direction&quot;:null,&quot;jet_parallax_layout_z_index&quot;:&quot;&quot;,&quot;jet_parallax_layout_bg_x&quot;:50,&quot;jet_parallax_layout_bg_x_tablet&quot;:&quot;&quot;,&quot;jet_parallax_layout_bg_x_mobile&quot;:&quot;&quot;,&quot;jet_parallax_layout_bg_y&quot;:50,&quot;jet_parallax_layout_bg_y_tablet&quot;:&quot;&quot;,&quot;jet_parallax_layout_bg_y_mobile&quot;:&quot;&quot;,&quot;jet_parallax_layout_bg_size&quot;:&quot;auto&quot;,&quot;jet_parallax_layout_bg_size_tablet&quot;:&quot;&quot;,&quot;jet_parallax_layout_bg_size_mobile&quot;:&quot;&quot;,&quot;jet_parallax_layout_animation_prop&quot;:&quot;transform&quot;,&quot;jet_parallax_layout_on&quot;:[&quot;desktop&quot;,&quot;tablet&quot;]}]}\">\n\t\t\t\t\t\t<div class=\"elementor-container elementor-column-gap-default\">\n\t\t\t\t\t<div class=\"elementor-column elementor-col-100 elementor-top-column elementor-element elementor-element-c2d8089\" data-id=\"c2d8089\" data-element_type=\"column\">\n\t\t\t<div class=\"elementor-widget-wrap elementor-element-populated\">\n\t\t\t\t\t\t<div class=\"elementor-element elementor-element-2689c10 elementor-widget elementor-widget-heading\" data-id=\"2689c10\" data-element_type=\"widget\" data-widget_type=\"heading.default\">\n\t\t\t\t<div class=\"elementor-widget-container\">\n\t\t\t<h1 class=\"elementor-heading-title elementor-size-default\">Mentions l\u00e9gales<\/h1>\t\t<\/div>\n\t\t\t\t<\/div>\n\t\t\t\t<div class=\"elementor-element elementor-element-b2a52a4 elementor-widget elementor-widget-text-editor\" data-id=\"b2a52a4\" data-element_type=\"widget\" data-widget_type=\"text-editor.default\">\n\t\t\t\t<div class=\"elementor-widget-container\">\n\t\t\t\t\t\t\t<p>Le site www.kaufholdreveillaud.lu appartient \u00e0 Kaufhold &amp; Reveillaud Avocats\u00e9tude d&#8217;avocats domicili\u00e9e au 20 Av. Marie-Th\u00e9r\u00e8se, 2132 Ville-Haute Luxembourg.<br \/><br \/><\/p><p>Les pr\u00e9sentes mentions incluent les conditions d\u2019utilisation et le cadre de protection des donn\u00e9es ayant pour objet d\u2019encadrer l\u2019utilisation du Site par les Utilisateurs et de les informer de leurs droits et obligations.<br \/>Nom ou Raison sociale : Kaufhold &amp; Reveillaud Avocats<br \/>Adresse : 20 Av. Marie-Th\u00e9r\u00e8se, 2132 Ville-Haute Luxembourg<br \/>E-Mail : contact@kr-legal.lu<br \/>T\u00e9l\u00e9phone : +352 44 42 22 1<\/p><p>Responsable de la publication : <br \/>E-Mail : contact@kr-legal.lu<br \/>T\u00e9l\u00e9phone : +352 44 42 22 1<\/p><h2>Design et d\u00e9veloppements :<\/h2><p>Domino Communication<br \/>2 Gilsduerferstrooss<br \/>L-9366 Ermsdorf, Luxembourg.<br \/>www.dominocom.lu<\/p><h2>H\u00e9bergement :<\/h2><p>OVH<br \/>SAS au capital de 10 069 020 \u20ac<br \/>RCS Lille M\u00e9tropole 424 761 419 00045<br \/>Code APE 2620Z<br \/>N\u00b0 TVA : FR 22 424 761 419<br \/>Si\u00e8ge social : 2 rue Kellermann \u2013 59100 Roubaix \u2013 France<\/p><h2>Conditions d\u2019utilisation du Site<\/h2><p>Le Site www.kaufholdreveillaud.lu est un emplacement digital d\u00e9di\u00e9, notamment, \u00e0 la promotion des services propos\u00e9s par Kaufhold &amp; Reveillaud Avocats.<br \/>Tout utilisateur naviguant sur le Site est pr\u00e9sum\u00e9 avoir accept\u00e9 les conditions d\u2019utilisation ci-dessous et se doit de les respecter.<br \/>Les pr\u00e9sentes conditions d\u2019utilisation ne s\u2019appliquent pas \u00e0 des modules int\u00e9gr\u00e9s sur le site permettant la communication avec des autres sites et plateformes tiers qui ont fix\u00e9 leurs propres conditions d\u2019utilisation.<br \/>Merci de bien vouloir prendre connaissance des conditions d\u2019utilisation de ces modules aupr\u00e8s de leurs \u00e9diteurs respectifs.<br \/>Les pr\u00e9sentes conditions peuvent \u00eatre modifi\u00e9es \u00e0 tout moment. Toute modification sera publi\u00e9e sur le Site et tout utilisateur acc\u00e9dant au Site apr\u00e8s leur publication sera pr\u00e9sum\u00e9 avoir accept\u00e9 les modifications.<br \/>Les pr\u00e9sentes conditions d\u2019utilisation sont soumises \u00e0 la loi luxembourgeoise.<\/p><h2>Copyright<\/h2><p>Le contenu complet se trouvant sur le site www.kaufholdreveillaud.lu, incluant tout logo, marque, photo, vid\u00e9o, textes, dessins, graphiques et pr\u00e9sentations appartient \u00e0 Kaufhold &amp; Reveillaud Avocats.<br \/>Toute reproduction, diffusion, copie, adaptation, citation de tout ou partie de ce site, sur quelque support que ce soit et pour quelque utilisation que ce soit, est formellement interdite sauf autorisation pr\u00e9alable de Kaufhold &amp; Reveillaud Avocats.<br \/>Cr\u00e9dits photos :<br \/>Shutterstock,<br \/>Kaufhold &amp; Reveillaud Avocats.<\/p><h2>Liens externes<\/h2><p>Tous liens provenant d\u2019un site externe et guidant sur le Site sont soumis avant publication \u00e0 autorisation pr\u00e9alable de Kaufhold &amp; Reveillaud Avocats qui se r\u00e9serve le droit de poursuivre tout contrevenant.<br \/>Kaufhold &amp; Reveillaud Avocats d\u00e9cline toute responsabilit\u00e9 concernant des liens pr\u00e9sents sur des sites externes qui renvoient vers le site www.kaufholdreveillaud.lu et ne pourra en aucun cas \u00eatre tenu responsable du contenu pr\u00e9sent au sein de ce site tiers par la simple existence de ces liens.<br \/>Le Site www.kaufholdreveillaud.lu peut contenir des liens redirigeant vers des sites partenaires et\/ou des sites tiers. Kaufhold &amp; Reveillaud Avocats n\u2019a pas de contr\u00f4le sur ces sites tiers et ne peut en aucun cas surveiller le contenu de ces sites ou les conditions d\u2019utilisation, notamment en mati\u00e8re de protection de donn\u00e9es. Kaufhold &amp; Reveillaud Avocats ne pourra en aucun cas \u00eatre tenue responsable pour tout dommage subi sur un site vers lequel un de ses internautes aurait \u00e9t\u00e9 redirig\u00e9.<br \/>Le fait de cliquer sur un lien externe dirigera automatiquement l\u2019utilisateur du Site vers ces sites qui sont soumis \u00e0 des conditions d\u2019utilisations qui leur sont propres, et non aux pr\u00e9sentes. L\u2019acc\u00e8s \u00e0 ces sites ext\u00e9rieurs s\u2019effectue aux propres risques de l\u2019utilisateur. Kaufhold &amp; Reveillaud Avocats ne pourra \u00eatre tenue responsable pour tout contenu pr\u00e9sent.<\/p><h2>Code de conduite<\/h2><p>Kaufhold &amp; Reveillaud Avocats s\u2019engage \u00e0 respecter un comportement \u00e9thique en respect des normes applicables, notamment en ce qui concerne la pr\u00e9vention de la corruption, dans toutes ses relations commerciales. A cette fin, Kaufhold &amp; Reveillaud Avocats s\u2019engage \u00e0 respecter la proc\u00e9dure interne \u00e9tablie, ainsi que le code de conduite que l\u2019entreprise adopt\u00e9.\u00a0<\/p><p>R\u00e9ciproquement, le client ou toute autre contrepartie ici vis\u00e9e prend connaissance dudit code de conduite de Kaufhold &amp; Reveillaud Avocats, et s\u2019engage \u00e0 le respecter, ou \u00e0 adopter des mesures \u00e0 minima \u00e9quivalentes \u00e0 celles pr\u00e9vues dans celui-ci.<\/p><h2>Responsabilit\u00e9<\/h2><p>Kaufhold &amp; Reveillaud Avocats effectue des mises \u00e0 jour r\u00e9guli\u00e8res concernant le contenu et les dispositifs en place sur le Site afin de permettre \u00e0 l\u2019utilisateur un acc\u00e8s et et une utilisation dans les meilleures conditions.<br \/>N\u00e9anmoins, Kaufhold &amp; Reveillaud Avocats ne peut garantir en temps r\u00e9el l\u2019actualit\u00e9 et l\u2019int\u00e9gralit\u00e9 des contenus publi\u00e9s sur le Site.<br \/>L\u2019utilisateur a dans ce cadre pleinement conscience que les contenus pr\u00e9sents sur le Site sont donn\u00e9s \u00e0 titre indicatif.<br \/>Kaufhold &amp; Reveillaud Avocats se r\u00e9serve le droit de faire des modifications sur le Site \u00e0 tout moment, et ne peut donc garantir l\u2019utilisateur de l\u2019accessibilit\u00e9 de l\u2019ensemble du Site sans interruption, en temps utile, en toute s\u00e9curit\u00e9 et sans erreur en permanence.<br \/>Kaufhold &amp; Reveillaud Avocats ne peut \u00eatre tenue responsable de tout dommage caus\u00e9 \u00e0 un utilisateur par les actions d\u2019un tiers, qui par un moyen technique d\u00e9loyal a utilis\u00e9 les informations diffus\u00e9es sur le Site. Nous assurons toutefois mettre en pratique les moyens \u00e0 notre disposition pour lutter contre toute action de ce type, tout en \u00e9tant limit\u00e9e par les contraintes inh\u00e9rentes \u00e0 Internet.<br \/>Le Site a \u00e9t\u00e9 d\u00e9velopp\u00e9 par Domino Communication et est mis \u00e0 jour de mani\u00e8re \u00e0 assurer son accessibilit\u00e9. Toutefois Domino Communication ne garantit en aucun cas une accessibilit\u00e9 totale du Site ni l\u2019absence d\u2019erreurs et bugs notamment. Chaque internaute rencontrant une difficult\u00e9 dans sa navigation est invit\u00e9 \u00e0 en informer Domino Communication sans que Domino Communication soit tenu de r\u00e9soudre la difficult\u00e9.<br \/>Kaufhold &amp; Reveillaud Avocats \u00e0 le droit de poursuivre toute personne ayant par quelque moyen que ce soit essay\u00e9 de s\u2019attaquer au site www.kaufholdreveillaud.lu, soit \u00e0 sa structure technique ou \u00e0 son contenu publi\u00e9.<\/p><p>\u00a0<\/p>\t\t\t\t\t\t<\/div>\n\t\t\t\t<\/div>\n\t\t\t\t\t<\/div>\n\t\t<\/div>\n\t\t\t\t\t<\/div>\n\t\t<\/section>\n\t\t\t\t<\/div>\n\t\t","protected":false},"excerpt":{"rendered":"<p>Le site www.kaufholdreveillaud.lu appartient \u00e0 Kaufhold &amp; Reveillaud Avocats\u00e9tude d&#8217;avocats domicili\u00e9e au 20 Av. Marie-Th\u00e9r\u00e8se, 2132 Ville-Haute Luxembourg. Les pr\u00e9sentes mentions incluent les conditions d\u2019utilisation et le cadre de protection des donn\u00e9es ayant pour objet d\u2019encadrer l\u2019utilisation du Site par les Utilisateurs et de les informer de leurs droits et obligations.Nom ou Raison sociale : &hellip; <\/p>\n<p class=\"link-more\"><a href=\"https:\/\/www.kaufholdreveillaud.lu\/fr\/mentions-legales\/\" class=\"more-link\">Continuer la lecture <span class=\"screen-reader-text\"> \u00ab\u00a0Mentions l\u00e9gales\u00a0\u00bb<\/span><\/a><\/p>\n","protected":false},"author":1,"featured_media":0,"parent":0,"menu_order":20,"comment_status":"closed","ping_status":"closed","template":"elementor_header_footer","meta":{"_acf_changed":false,"footnotes":""},"class_list":["post-321","page","type-page","status-publish","hentry","entry"],"acf":[],"yoast_head":"<!-- This site is optimized with the Yoast SEO plugin v26.7 - https:\/\/yoast.com\/wordpress\/plugins\/seo\/ -->\n<title>Mentions l\u00e9gales - Kaufhold et Reveillaud Avocats<\/title>\n<meta name=\"robots\" content=\"noindex, follow\" \/>\n<meta property=\"og:locale\" content=\"fr_FR\" \/>\n<meta property=\"og:type\" content=\"article\" \/>\n<meta property=\"og:title\" content=\"Mentions l\u00e9gales - Kaufhold et Reveillaud Avocats\" \/>\n<meta property=\"og:description\" content=\"Le site www.kaufholdreveillaud.lu appartient \u00e0 Kaufhold &amp; Reveillaud Avocats\u00e9tude d&#8217;avocats domicili\u00e9e au 20 Av. Marie-Th\u00e9r\u00e8se, 2132 Ville-Haute Luxembourg. Les pr\u00e9sentes mentions incluent les conditions d\u2019utilisation et le cadre de protection des donn\u00e9es ayant pour objet d\u2019encadrer l\u2019utilisation du Site par les Utilisateurs et de les informer de leurs droits et obligations.Nom ou Raison sociale : &hellip; Continuer la lecture \u00ab\u00a0Mentions l\u00e9gales\u00a0\u00bb\" \/>\n<meta property=\"og:url\" content=\"https:\/\/www.kaufholdreveillaud.lu\/fr\/mentions-legales\/\" \/>\n<meta property=\"og:site_name\" content=\"Kaufhold et Reveillaud Avocats\" \/>\n<meta property=\"article:modified_time\" content=\"2023-11-15T20:05:30+00:00\" \/>\n<meta name=\"twitter:card\" content=\"summary_large_image\" \/>\n<meta name=\"twitter:label1\" content=\"Dur\u00e9e de lecture estim\u00e9e\" \/>\n\t<meta name=\"twitter:data1\" content=\"5 minutes\" \/>\n<script type=\"application\/ld+json\" class=\"yoast-schema-graph\">{\"@context\":\"https:\/\/schema.org\",\"@graph\":[{\"@type\":\"WebPage\",\"@id\":\"https:\/\/www.kaufholdreveillaud.lu\/fr\/mentions-legales\/\",\"url\":\"https:\/\/www.kaufholdreveillaud.lu\/fr\/mentions-legales\/\",\"name\":\"Mentions l\u00e9gales - Kaufhold et Reveillaud Avocats\",\"isPartOf\":{\"@id\":\"https:\/\/www.kaufholdreveillaud.lu\/fr\/#website\"},\"datePublished\":\"2020-01-10T10:07:59+00:00\",\"dateModified\":\"2023-11-15T20:05:30+00:00\",\"breadcrumb\":{\"@id\":\"https:\/\/www.kaufholdreveillaud.lu\/fr\/mentions-legales\/#breadcrumb\"},\"inLanguage\":\"fr-FR\",\"potentialAction\":[{\"@type\":\"ReadAction\",\"target\":[\"https:\/\/www.kaufholdreveillaud.lu\/fr\/mentions-legales\/\"]}]},{\"@type\":\"BreadcrumbList\",\"@id\":\"https:\/\/www.kaufholdreveillaud.lu\/fr\/mentions-legales\/#breadcrumb\",\"itemListElement\":[{\"@type\":\"ListItem\",\"position\":1,\"name\":\"Home\",\"item\":\"https:\/\/www.kaufholdreveillaud.lu\/fr\/\"},{\"@type\":\"ListItem\",\"position\":2,\"name\":\"Mentions l\u00e9gales\"}]},{\"@type\":\"WebSite\",\"@id\":\"https:\/\/www.kaufholdreveillaud.lu\/fr\/#website\",\"url\":\"https:\/\/www.kaufholdreveillaud.lu\/fr\/\",\"name\":\"Kaufhold et Reveillaud Avocats\",\"description\":\"Etude d&#039;avocats \u00e0 Luxembourg\",\"potentialAction\":[{\"@type\":\"SearchAction\",\"target\":{\"@type\":\"EntryPoint\",\"urlTemplate\":\"https:\/\/www.kaufholdreveillaud.lu\/fr\/?s={search_term_string}\"},\"query-input\":{\"@type\":\"PropertyValueSpecification\",\"valueRequired\":true,\"valueName\":\"search_term_string\"}}],\"inLanguage\":\"fr-FR\"}]}<\/script>\n<!-- \/ Yoast SEO plugin. -->","yoast_head_json":{"title":"Mentions l\u00e9gales - Kaufhold et Reveillaud Avocats","robots":{"index":"noindex","follow":"follow"},"og_locale":"fr_FR","og_type":"article","og_title":"Mentions l\u00e9gales - Kaufhold et Reveillaud Avocats","og_description":"Le site www.kaufholdreveillaud.lu appartient \u00e0 Kaufhold &amp; Reveillaud Avocats\u00e9tude d&#8217;avocats domicili\u00e9e au 20 Av. Marie-Th\u00e9r\u00e8se, 2132 Ville-Haute Luxembourg. Les pr\u00e9sentes mentions incluent les conditions d\u2019utilisation et le cadre de protection des donn\u00e9es ayant pour objet d\u2019encadrer l\u2019utilisation du Site par les Utilisateurs et de les informer de leurs droits et obligations.Nom ou Raison sociale : &hellip; Continuer la lecture \u00ab\u00a0Mentions l\u00e9gales\u00a0\u00bb","og_url":"https:\/\/www.kaufholdreveillaud.lu\/fr\/mentions-legales\/","og_site_name":"Kaufhold et Reveillaud Avocats","article_modified_time":"2023-11-15T20:05:30+00:00","twitter_card":"summary_large_image","twitter_misc":{"Dur\u00e9e de lecture estim\u00e9e":"5 minutes"},"schema":{"@context":"https:\/\/schema.org","@graph":[{"@type":"WebPage","@id":"https:\/\/www.kaufholdreveillaud.lu\/fr\/mentions-legales\/","url":"https:\/\/www.kaufholdreveillaud.lu\/fr\/mentions-legales\/","name":"Mentions l\u00e9gales - Kaufhold et Reveillaud Avocats","isPartOf":{"@id":"https:\/\/www.kaufholdreveillaud.lu\/fr\/#website"},"datePublished":"2020-01-10T10:07:59+00:00","dateModified":"2023-11-15T20:05:30+00:00","breadcrumb":{"@id":"https:\/\/www.kaufholdreveillaud.lu\/fr\/mentions-legales\/#breadcrumb"},"inLanguage":"fr-FR","potentialAction":[{"@type":"ReadAction","target":["https:\/\/www.kaufholdreveillaud.lu\/fr\/mentions-legales\/"]}]},{"@type":"BreadcrumbList","@id":"https:\/\/www.kaufholdreveillaud.lu\/fr\/mentions-legales\/#breadcrumb","itemListElement":[{"@type":"ListItem","position":1,"name":"Home","item":"https:\/\/www.kaufholdreveillaud.lu\/fr\/"},{"@type":"ListItem","position":2,"name":"Mentions l\u00e9gales"}]},{"@type":"WebSite","@id":"https:\/\/www.kaufholdreveillaud.lu\/fr\/#website","url":"https:\/\/www.kaufholdreveillaud.lu\/fr\/","name":"Kaufhold et Reveillaud Avocats","description":"Etude d&#039;avocats \u00e0 Luxembourg","potentialAction":[{"@type":"SearchAction","target":{"@type":"EntryPoint","urlTemplate":"https:\/\/www.kaufholdreveillaud.lu\/fr\/?s={search_term_string}"},"query-input":{"@type":"PropertyValueSpecification","valueRequired":true,"valueName":"search_term_string"}}],"inLanguage":"fr-FR"}]}},"_links":{"self":[{"href":"https:\/\/www.kaufholdreveillaud.lu\/fr\/wp-json\/wp\/v2\/pages\/321","targetHints":{"allow":["GET"]}}],"collection":[{"href":"https:\/\/www.kaufholdreveillaud.lu\/fr\/wp-json\/wp\/v2\/pages"}],"about":[{"href":"https:\/\/www.kaufholdreveillaud.lu\/fr\/wp-json\/wp\/v2\/types\/page"}],"author":[{"embeddable":true,"href":"https:\/\/www.kaufholdreveillaud.lu\/fr\/wp-json\/wp\/v2\/users\/1"}],"replies":[{"embeddable":true,"href":"https:\/\/www.kaufholdreveillaud.lu\/fr\/wp-json\/wp\/v2\/comments?post=321"}],"version-history":[{"count":9,"href":"https:\/\/www.kaufholdreveillaud.lu\/fr\/wp-json\/wp\/v2\/pages\/321\/revisions"}],"predecessor-version":[{"id":19028,"href":"https:\/\/www.kaufholdreveillaud.lu\/fr\/wp-json\/wp\/v2\/pages\/321\/revisions\/19028"}],"wp:attachment":[{"href":"https:\/\/www.kaufholdreveillaud.lu\/fr\/wp-json\/wp\/v2\/media?parent=321"}],"curies":[{"name":"wp","href":"https:\/\/api.w.org\/{rel}","templated":true}]}}