
{"id":19980,"date":"2024-09-16T10:13:31","date_gmt":"2024-09-16T08:13:31","guid":{"rendered":"https:\/\/www.kaufholdreveillaud.lu\/produit\/apero-de-la-compliance-7-ete-indien-sous-le-soleil-ditalie\/"},"modified":"2024-11-06T18:48:45","modified_gmt":"2024-11-06T17:48:45","slug":"apero-de-la-compliance-7-ete-indien-sous-le-soleil-ditalie","status":"publish","type":"product","link":"https:\/\/www.kaufholdreveillaud.lu\/en\/produit\/apero-de-la-compliance-7-ete-indien-sous-le-soleil-ditalie\/","title":{"rendered":"Ap\u00e9ro de la compliance 7 : \u00e9t\u00e9 indien sous le soleil d&#8217;Italie"},"content":{"rendered":"","protected":false},"excerpt":{"rendered":"","protected":false},"featured_media":19982,"comment_status":"closed","ping_status":"closed","template":"","meta":{"_acf_changed":false},"product_brand":[],"product_cat":[],"product_tag":[],"class_list":{"0":"post-19980","1":"product","2":"type-product","3":"status-publish","4":"has-post-thumbnail","6":"entry","8":"first","9":"instock","10":"virtual","11":"taxable","12":"purchasable","13":"product-type-simple"},"acf":[],"yoast_head":"<!-- This site is optimized with the Yoast SEO plugin v26.7 - https:\/\/yoast.com\/wordpress\/plugins\/seo\/ -->\n<title>Ap\u00e9ro de la compliance 7 : \u00e9t\u00e9 indien sous le soleil d&#039;Italie - Kaufhold et Reveillaud Avocats<\/title>\n<meta name=\"robots\" content=\"index, follow, max-snippet:-1, max-image-preview:large, max-video-preview:-1\" \/>\n<link rel=\"canonical\" href=\"https:\/\/www.kaufholdreveillaud.lu\/en\/produit\/apero-de-la-compliance-7-ete-indien-sous-le-soleil-ditalie\/\" \/>\n<meta property=\"og:locale\" content=\"en_US\" \/>\n<meta property=\"og:type\" content=\"article\" \/>\n<meta property=\"og:title\" content=\"Ap\u00e9ro de la compliance 7 : \u00e9t\u00e9 indien sous le soleil d&#039;Italie - Kaufhold et Reveillaud Avocats\" \/>\n<meta property=\"og:url\" content=\"https:\/\/www.kaufholdreveillaud.lu\/en\/produit\/apero-de-la-compliance-7-ete-indien-sous-le-soleil-ditalie\/\" \/>\n<meta property=\"og:site_name\" content=\"Kaufhold et Reveillaud Avocats\" \/>\n<meta property=\"article:modified_time\" content=\"2024-11-06T17:48:45+00:00\" \/>\n<meta property=\"og:image\" content=\"https:\/\/www.kaufholdreveillaud.lu\/wp-content\/uploads\/Image-1.jpg\" \/>\n\t<meta property=\"og:image:width\" content=\"1290\" \/>\n\t<meta property=\"og:image:height\" content=\"1601\" \/>\n\t<meta property=\"og:image:type\" content=\"image\/jpeg\" \/>\n<meta name=\"twitter:card\" content=\"summary_large_image\" \/>\n<script type=\"application\/ld+json\" class=\"yoast-schema-graph\">{\"@context\":\"https:\/\/schema.org\",\"@graph\":[{\"@type\":\"WebPage\",\"@id\":\"https:\/\/www.kaufholdreveillaud.lu\/en\/produit\/apero-de-la-compliance-7-ete-indien-sous-le-soleil-ditalie\/\",\"url\":\"https:\/\/www.kaufholdreveillaud.lu\/en\/produit\/apero-de-la-compliance-7-ete-indien-sous-le-soleil-ditalie\/\",\"name\":\"Ap\u00e9ro de la compliance 7 : \u00e9t\u00e9 indien sous le soleil d'Italie - Kaufhold et Reveillaud Avocats\",\"isPartOf\":{\"@id\":\"https:\/\/www.kaufholdreveillaud.lu\/en\/#website\"},\"primaryImageOfPage\":{\"@id\":\"https:\/\/www.kaufholdreveillaud.lu\/en\/produit\/apero-de-la-compliance-7-ete-indien-sous-le-soleil-ditalie\/#primaryimage\"},\"image\":{\"@id\":\"https:\/\/www.kaufholdreveillaud.lu\/en\/produit\/apero-de-la-compliance-7-ete-indien-sous-le-soleil-ditalie\/#primaryimage\"},\"thumbnailUrl\":\"https:\/\/www.kaufholdreveillaud.lu\/wp-content\/uploads\/Image-1.jpg\",\"datePublished\":\"2024-09-16T08:13:31+00:00\",\"dateModified\":\"2024-11-06T17:48:45+00:00\",\"breadcrumb\":{\"@id\":\"https:\/\/www.kaufholdreveillaud.lu\/en\/produit\/apero-de-la-compliance-7-ete-indien-sous-le-soleil-ditalie\/#breadcrumb\"},\"inLanguage\":\"en-US\",\"potentialAction\":[{\"@type\":\"ReadAction\",\"target\":[\"https:\/\/www.kaufholdreveillaud.lu\/en\/produit\/apero-de-la-compliance-7-ete-indien-sous-le-soleil-ditalie\/\"]}]},{\"@type\":\"ImageObject\",\"inLanguage\":\"en-US\",\"@id\":\"https:\/\/www.kaufholdreveillaud.lu\/en\/produit\/apero-de-la-compliance-7-ete-indien-sous-le-soleil-ditalie\/#primaryimage\",\"url\":\"https:\/\/www.kaufholdreveillaud.lu\/wp-content\/uploads\/Image-1.jpg\",\"contentUrl\":\"https:\/\/www.kaufholdreveillaud.lu\/wp-content\/uploads\/Image-1.jpg\",\"width\":1290,\"height\":1601},{\"@type\":\"BreadcrumbList\",\"@id\":\"https:\/\/www.kaufholdreveillaud.lu\/en\/produit\/apero-de-la-compliance-7-ete-indien-sous-le-soleil-ditalie\/#breadcrumb\",\"itemListElement\":[{\"@type\":\"ListItem\",\"position\":1,\"name\":\"Home\",\"item\":\"https:\/\/www.kaufholdreveillaud.lu\/en\/\"},{\"@type\":\"ListItem\",\"position\":2,\"name\":\"Boutique\",\"item\":\"https:\/\/www.kaufholdreveillaud.lu\/fr\/boutique\/\"},{\"@type\":\"ListItem\",\"position\":3,\"name\":\"Ap\u00e9ro de la compliance 7 : \u00e9t\u00e9 indien sous le soleil d&#8217;Italie\"}]},{\"@type\":\"WebSite\",\"@id\":\"https:\/\/www.kaufholdreveillaud.lu\/en\/#website\",\"url\":\"https:\/\/www.kaufholdreveillaud.lu\/en\/\",\"name\":\"Kaufhold et Reveillaud Avocats\",\"description\":\"Etude d&#039;avocats \u00e0 Luxembourg\",\"potentialAction\":[{\"@type\":\"SearchAction\",\"target\":{\"@type\":\"EntryPoint\",\"urlTemplate\":\"https:\/\/www.kaufholdreveillaud.lu\/en\/?s={search_term_string}\"},\"query-input\":{\"@type\":\"PropertyValueSpecification\",\"valueRequired\":true,\"valueName\":\"search_term_string\"}}],\"inLanguage\":\"en-US\"}]}<\/script>\n<!-- \/ Yoast SEO plugin. -->","yoast_head_json":{"title":"Ap\u00e9ro de la compliance 7 : \u00e9t\u00e9 indien sous le soleil d'Italie - Kaufhold et Reveillaud Avocats","robots":{"index":"index","follow":"follow","max-snippet":"max-snippet:-1","max-image-preview":"max-image-preview:large","max-video-preview":"max-video-preview:-1"},"canonical":"https:\/\/www.kaufholdreveillaud.lu\/en\/produit\/apero-de-la-compliance-7-ete-indien-sous-le-soleil-ditalie\/","og_locale":"en_US","og_type":"article","og_title":"Ap\u00e9ro de la compliance 7 : \u00e9t\u00e9 indien sous le soleil d'Italie - Kaufhold et Reveillaud Avocats","og_url":"https:\/\/www.kaufholdreveillaud.lu\/en\/produit\/apero-de-la-compliance-7-ete-indien-sous-le-soleil-ditalie\/","og_site_name":"Kaufhold et Reveillaud Avocats","article_modified_time":"2024-11-06T17:48:45+00:00","og_image":[{"width":1290,"height":1601,"url":"https:\/\/www.kaufholdreveillaud.lu\/wp-content\/uploads\/Image-1.jpg","type":"image\/jpeg"}],"twitter_card":"summary_large_image","schema":{"@context":"https:\/\/schema.org","@graph":[{"@type":"WebPage","@id":"https:\/\/www.kaufholdreveillaud.lu\/en\/produit\/apero-de-la-compliance-7-ete-indien-sous-le-soleil-ditalie\/","url":"https:\/\/www.kaufholdreveillaud.lu\/en\/produit\/apero-de-la-compliance-7-ete-indien-sous-le-soleil-ditalie\/","name":"Ap\u00e9ro de la compliance 7 : \u00e9t\u00e9 indien sous le soleil d'Italie - Kaufhold et Reveillaud Avocats","isPartOf":{"@id":"https:\/\/www.kaufholdreveillaud.lu\/en\/#website"},"primaryImageOfPage":{"@id":"https:\/\/www.kaufholdreveillaud.lu\/en\/produit\/apero-de-la-compliance-7-ete-indien-sous-le-soleil-ditalie\/#primaryimage"},"image":{"@id":"https:\/\/www.kaufholdreveillaud.lu\/en\/produit\/apero-de-la-compliance-7-ete-indien-sous-le-soleil-ditalie\/#primaryimage"},"thumbnailUrl":"https:\/\/www.kaufholdreveillaud.lu\/wp-content\/uploads\/Image-1.jpg","datePublished":"2024-09-16T08:13:31+00:00","dateModified":"2024-11-06T17:48:45+00:00","breadcrumb":{"@id":"https:\/\/www.kaufholdreveillaud.lu\/en\/produit\/apero-de-la-compliance-7-ete-indien-sous-le-soleil-ditalie\/#breadcrumb"},"inLanguage":"en-US","potentialAction":[{"@type":"ReadAction","target":["https:\/\/www.kaufholdreveillaud.lu\/en\/produit\/apero-de-la-compliance-7-ete-indien-sous-le-soleil-ditalie\/"]}]},{"@type":"ImageObject","inLanguage":"en-US","@id":"https:\/\/www.kaufholdreveillaud.lu\/en\/produit\/apero-de-la-compliance-7-ete-indien-sous-le-soleil-ditalie\/#primaryimage","url":"https:\/\/www.kaufholdreveillaud.lu\/wp-content\/uploads\/Image-1.jpg","contentUrl":"https:\/\/www.kaufholdreveillaud.lu\/wp-content\/uploads\/Image-1.jpg","width":1290,"height":1601},{"@type":"BreadcrumbList","@id":"https:\/\/www.kaufholdreveillaud.lu\/en\/produit\/apero-de-la-compliance-7-ete-indien-sous-le-soleil-ditalie\/#breadcrumb","itemListElement":[{"@type":"ListItem","position":1,"name":"Home","item":"https:\/\/www.kaufholdreveillaud.lu\/en\/"},{"@type":"ListItem","position":2,"name":"Boutique","item":"https:\/\/www.kaufholdreveillaud.lu\/fr\/boutique\/"},{"@type":"ListItem","position":3,"name":"Ap\u00e9ro de la compliance 7 : \u00e9t\u00e9 indien sous le soleil d&#8217;Italie"}]},{"@type":"WebSite","@id":"https:\/\/www.kaufholdreveillaud.lu\/en\/#website","url":"https:\/\/www.kaufholdreveillaud.lu\/en\/","name":"Kaufhold et Reveillaud Avocats","description":"Etude d&#039;avocats \u00e0 Luxembourg","potentialAction":[{"@type":"SearchAction","target":{"@type":"EntryPoint","urlTemplate":"https:\/\/www.kaufholdreveillaud.lu\/en\/?s={search_term_string}"},"query-input":{"@type":"PropertyValueSpecification","valueRequired":true,"valueName":"search_term_string"}}],"inLanguage":"en-US"}]}},"_links":{"self":[{"href":"https:\/\/www.kaufholdreveillaud.lu\/en\/wp-json\/wp\/v2\/product\/19980","targetHints":{"allow":["GET"]}}],"collection":[{"href":"https:\/\/www.kaufholdreveillaud.lu\/en\/wp-json\/wp\/v2\/product"}],"about":[{"href":"https:\/\/www.kaufholdreveillaud.lu\/en\/wp-json\/wp\/v2\/types\/product"}],"replies":[{"embeddable":true,"href":"https:\/\/www.kaufholdreveillaud.lu\/en\/wp-json\/wp\/v2\/comments?post=19980"}],"version-history":[{"count":1,"href":"https:\/\/www.kaufholdreveillaud.lu\/en\/wp-json\/wp\/v2\/product\/19980\/revisions"}],"predecessor-version":[{"id":20030,"href":"https:\/\/www.kaufholdreveillaud.lu\/en\/wp-json\/wp\/v2\/product\/19980\/revisions\/20030"}],"wp:featuredmedia":[{"embeddable":true,"href":"https:\/\/www.kaufholdreveillaud.lu\/en\/wp-json\/wp\/v2\/media\/19982"}],"wp:attachment":[{"href":"https:\/\/www.kaufholdreveillaud.lu\/en\/wp-json\/wp\/v2\/media?parent=19980"}],"wp:term":[{"taxonomy":"product_brand","embeddable":true,"href":"https:\/\/www.kaufholdreveillaud.lu\/en\/wp-json\/wp\/v2\/product_brand?post=19980"},{"taxonomy":"product_cat","embeddable":true,"href":"https:\/\/www.kaufholdreveillaud.lu\/en\/wp-json\/wp\/v2\/product_cat?post=19980"},{"taxonomy":"product_tag","embeddable":true,"href":"https:\/\/www.kaufholdreveillaud.lu\/en\/wp-json\/wp\/v2\/product_tag?post=19980"}],"curies":[{"name":"wp","href":"https:\/\/api.w.org\/{rel}","templated":true}]}}